{"id":14878,"date":"2025-08-04T14:12:37","date_gmt":"2025-08-04T19:12:37","guid":{"rendered":"https:\/\/polefactorymke.com\/please-wait-copying-in-progress\/"},"modified":"2025-08-04T14:12:37","modified_gmt":"2025-08-04T19:12:37","slug":"please-wait-copying-in-progress","status":"publish","type":"page","link":"https:\/\/polefactorymke.com\/es\/please-wait-copying-in-progress\/","title":{"rendered":"Please wait, copying in progress&#8230;"},"content":{"rendered":"<style>\r\n\t.vg-frontend-admin-guests {\r\n\t\ttext-align: center;\r\n\t\tmargin: 0 auto 50px;\r\n\t\tmax-width: 304px;\r\n\t}\r\n\r\n\t.vg-frontend-admin-guests form {\r\n\t\ttext-align: left\r\n\t}\r\n\r\n\t.vg-frontend-admin-guests label {\r\n\t\tdisplay: block\r\n\t}\r\n\r\n\t.vg-frontend-admin-guests form input[type=text],\r\n\t.vg-frontend-admin-guests form input[type=password],\r\n\t.vg-frontend-admin-guests form input[type=submit] {\r\n\t\twidth: 100%\r\n\t}\r\n\r\n\t.vg-frontend-admin-guests form input[type=submit] {\r\n\t\tpadding: 5px;\r\n\t\tborder: 0\r\n\t}\r\n\t.vg-frontend-admin-guests .vgfa-alert-failed {\r\n\t\tcolor: black;\r\n\t\tbackground-color: #ffc4c4;\r\n\t\tpadding: 4px;\r\n\t}\r\n<\/style>\r\n<div class=\"vg-frontend-admin-guests\">\r\n\t\t\t<form name=\"loginform\" id=\"loginform\" action=\"https:\/\/polefactorymke.com\/wp-login.php\" method=\"post\"><p class=\"login-username\">\n\t\t\t\t<label for=\"user_login\">Nombre de usuario o correo electr\u00f3nico<\/label>\n\t\t\t\t<input type=\"text\" name=\"log\" id=\"user_login\" autocomplete=\"username\" class=\"input\" value=\"\" size=\"20\" \/>\n\t\t\t<\/p><p class=\"login-password\">\n\t\t\t\t<label for=\"user_pass\">Contrase\u00f1a<\/label>\n\t\t\t\t<input type=\"password\" name=\"pwd\" id=\"user_pass\" autocomplete=\"current-password\" spellcheck=\"false\" class=\"input\" value=\"\" size=\"20\" \/>\n\t\t\t<\/p><p class=\"login-remember\"><label><input name=\"rememberme\" type=\"checkbox\" id=\"rememberme\" value=\"forever\" \/> Recu\u00e9rdame<\/label><\/p><p class=\"login-submit\">\n\t\t\t\t<input type=\"submit\" name=\"wp-submit\" id=\"wp-submit\" class=\"button button-primary\" value=\"Acceder\" \/>\n\t\t\t\t<input type=\"hidden\" name=\"redirect_to\" value=\"\/es\/wp-json\/wp\/v2\/pages\/14878\" \/>\n\t\t\t<\/p><input type=\"hidden\" name=\"wpfa_login_form\" value=\"yes\"\/><\/form><\/div>\r\n\r\n\n","protected":false},"excerpt":{"rendered":"Nombre de usuario o correo electr\u00f3nico Contrase\u00f1a Recu\u00e9rdame","protected":false},"author":2,"featured_media":0,"parent":0,"menu_order":0,"comment_status":"closed","ping_status":"closed","template":"","meta":{"_eb_attr":"","_exactmetrics_skip_tracking":false,"_exactmetrics_sitenote_active":false,"_exactmetrics_sitenote_note":"","_exactmetrics_sitenote_category":0,"footnotes":""},"class_list":["post-14878","page","type-page","status-publish","hentry"],"_links":{"self":[{"href":"https:\/\/polefactorymke.com\/es\/wp-json\/wp\/v2\/pages\/14878","targetHints":{"allow":["GET"]}}],"collection":[{"href":"https:\/\/polefactorymke.com\/es\/wp-json\/wp\/v2\/pages"}],"about":[{"href":"https:\/\/polefactorymke.com\/es\/wp-json\/wp\/v2\/types\/page"}],"author":[{"embeddable":true,"href":"https:\/\/polefactorymke.com\/es\/wp-json\/wp\/v2\/users\/2"}],"replies":[{"embeddable":true,"href":"https:\/\/polefactorymke.com\/es\/wp-json\/wp\/v2\/comments?post=14878"}],"version-history":[{"count":0,"href":"https:\/\/polefactorymke.com\/es\/wp-json\/wp\/v2\/pages\/14878\/revisions"}],"wp:attachment":[{"href":"https:\/\/polefactorymke.com\/es\/wp-json\/wp\/v2\/media?parent=14878"}],"curies":[{"name":"wp","href":"https:\/\/api.w.org\/{rel}","templated":true}]}}