{"id":14666,"date":"2025-02-18T15:16:32","date_gmt":"2025-02-18T21:16:32","guid":{"rendered":"https:\/\/polefactorymke.com\/?page_id=14666"},"modified":"2025-02-19T16:47:22","modified_gmt":"2025-02-19T22:47:22","slug":"private-lessons-2","status":"publish","type":"page","link":"https:\/\/polefactorymke.com\/es\/additional-services\/private-lessons-2\/","title":{"rendered":"Wellness"},"content":{"rendered":"<div class=\"wpb-content-wrapper\"><div id=\"about\" data-vc-full-width=\"true\" data-vc-full-width-init=\"false\" data-vc-stretch-content=\"true\" class=\"vc_row wpb_row vc_row-fluid vc_row-o-equal-height vc_row-o-content-middle vc_row-flex vc_row_1407689139\"><div class=\"wpb_column vc_column_container vc_col-sm-6 vc_col-has-fill\"><div class=\"vc_column-inner vc_custom_1739913355521\"><div class=\"wpb_wrapper\"><\/div><\/div><\/div><div class=\"wpb_animate_when_almost_visible wpb_fadeIn fadeIn wpb_column vc_column_container vc_col-sm-6 vc_column_shadow1 vc_column_1599088088\"><div class=\"vc_column-inner vc_custom_1531911538608\"><div class=\"wpb_wrapper\" style=\"width: 100%; max-width: 75%;margin-left: auto; margin-right: auto;\">\r\n<div class=\"sh-heading\" id=\"heading-ZHTpLK4PxG\">\r\n\t<div class=\"sh-element-margin\">\r\n\r\n\t\t\r\n\t\t\t<h2 class=\"sh-heading-content size-m text-center\">\r\n\t\t\t\tWellness at\t\t\t<\/h2>\r\n\r\n\t\t\r\n\t<\/div>\r\n<\/div>\r\n            <style type=\"text\/css\">\r\n                #heading-ZHTpLK4PxG .sh-element-margin {}#heading-ZHTpLK4PxG .sh-heading-content {font-weight: 400!important;letter-spacing: 8px;color: #8d8d8d;}#heading-ZHTpLK4PxG .sh-heading-content,#heading-ZHTpLK4PxG .sh-heading-additional-text {}#heading-ZHTpLK4PxG .sh-heading-content {font-style: italic!important;}            <\/style>\r\n        \r\n            \r\n            <div class=\"sh-empty-space vc_empty_space sh-empty-space-u2Va3Sg6sv\" style=\"height: 14px\">\r\n                <span class=\"vc_empty_space_inner\"><\/span>\r\n            <\/div>\r\n\r\n        \r\n<div class=\"sh-heading\" id=\"heading-nU2JPRkChA\">\r\n\t<div class=\"sh-element-margin\">\r\n\r\n\t\t\r\n\t\t\t<h2 class=\"sh-heading-content size-xl text-center\">\r\n\t\t\t\tPole Factory\t\t\t<\/h2>\r\n\r\n\t\t\r\n\t<\/div>\r\n<\/div>\r\n            <style type=\"text\/css\">\r\n                #heading-nU2JPRkChA .sh-element-margin {}#heading-nU2JPRkChA .sh-heading-content {font-weight: 700!important;}#heading-nU2JPRkChA .sh-heading-content,#heading-nU2JPRkChA .sh-heading-additional-text {}            <\/style>\r\n        \r\n            \r\n            <div class=\"sh-empty-space vc_empty_space sh-empty-space-QBO0zoblMN\" style=\"height: 20px\">\r\n                <span class=\"vc_empty_space_inner\"><\/span>\r\n            <\/div>\r\n\r\n        \r\n<div id=\"divider-wdn4IayzLR\" class=\"sh-divider sh-divider- sh-divider-content-icon_option\">\r\n\t\t\t<div class=\"sh-divider-content\">\r\n\t\t\t<span class=\"sh-divider-icon\">\r\n\t\t\t\t<i class=\"ti-star\"><\/i>&nbsp;<i class=\"ti-star\"><\/i>&nbsp;<i class=\"ti-star\"><\/i>\t\t\t<\/span>\r\n\t\t<\/div>\r\n\t<\/div>\r\n            <style type=\"text\/css\">\r\n                #divider-wdn4IayzLR {}#divider-wdn4IayzLR .sh-divider-content:before,#divider-wdn4IayzLR .sh-divider-content:after {border-top-width: 1px;margin-top: -1pxpx;border-top-style: solid;}#divider-wdn4IayzLR .sh-divider-icon {color: #dddddd;}            <\/style>\r\n        \r\n            \r\n            <div class=\"sh-empty-space vc_empty_space sh-empty-space-p2tAdUMbRQ\" style=\"height: 10px\">\r\n                <span class=\"vc_empty_space_inner\"><\/span>\r\n            <\/div>\r\n\r\n        \r\n<div id=\"text-block-cdZOeqaXsR\" class=\"sh-text-block\">\r\n\t<\/p>\n<p style=\"text-align: center;\"><span style=\"font-size: 18px;\">We believe that a strong, healthy body is the foundation for movement, longevity, and joy in pole dance. To support our students both in and out of class, we offer on-site physical therapy, strength programming, and massage therapy, ensuring that every body\u2014whether beginner or advanced\u2014receives the care it needs to stay resilient. Our holistic approach prioritizes recovery, mobility, and strength, empowering our community to move with confidence and feel their best!<\/span><\/p>\n<p><\/div>\r\n            <style type=\"text\/css\">\r\n                #text-block-cdZOeqaXsR {margin: 0px 0px 15px 0px;}#text-block-cdZOeqaXsR a:hover,#text-block-cdZOeqaXsR a:focus {color: #402f48;}#text-block-cdZOeqaXsR .drop-cap {font-weight: bold;font-size: 50px;display: block;float: left;margin: 8px 10px 0 0;}            <\/style>\r\n        \r\n            \r\n            <div class=\"sh-empty-space vc_empty_space sh-empty-space-AtLPa3Y1vQ\" style=\"height: 20px\">\r\n                <span class=\"vc_empty_space_inner\"><\/span>\r\n            <\/div>\r\n\r\n        <div class=\"vc_btn3-container vc_btn3-center vc_custom_1740005096565 vc_do_btn\" ><a class=\"vc_general vc_btn3 vc_btn3-size-md vc_btn3-shape-rounded vc_btn3-style-modern vc_btn3-color-green\" href=\"mailto:contact@polefactorymke.com\" title=\"\" target=\"_blank\">Email Us Here To Schedule<\/a><\/div><style type=\"text\/css\"> .vc_column_1599088088:not(.vc_parallax):not(.jarallax) { overflow: center!important; position: relative; }@media (max-width: 800px) { .vc_column_1599088088 > .vc_column-inner { padding: 60px 0px 60px 0px!important;}}<\/style><\/div><\/div><\/div><style type=\"text\/css\"> .vc_row_1407689139:not(.vc_parallax) { overflow: center!important; position: relative; }<\/style><\/div><div class=\"vc_row-full-width vc_clearfix\"><\/div><div class=\"vc_row wpb_row vc_row-fluid vc_row_1345166403\"><div class=\"wpb_column vc_column_container vc_col-sm-12 vc_column_1494596064\"><div class=\"vc_column-inner\"><div class=\"wpb_wrapper\"><div class=\"vc_empty_space\"   style=\"height: 45px\"><span class=\"vc_empty_space_inner\"><\/span><\/div><h1 style=\"font-size: 50px;color: #455c3c;text-align: center;font-family:Lato;font-weight:400;font-style:italic\" class=\"vc_custom_heading vc_do_custom_heading\" >Physical Therapy Sessions<\/h1><div class=\"vc_empty_space\"   style=\"height: 15px\"><span class=\"vc_empty_space_inner\"><\/span><\/div><div class=\"vc_row wpb_row vc_inner vc_row-fluid vc_row_766978773\"><div class=\"wpb_column vc_column_container vc_col-sm-2 vc_column_187495782\"><div class=\"vc_column-inner\"><div class=\"wpb_wrapper\">\n\t<div  class=\"wpb_single_image wpb_content_element vc_align_left wpb_content_element\">\n\t\t\n\t\t<figure class=\"wpb_wrapper vc_figure\">\n\t\t\t<div class=\"vc_single_image-wrapper   vc_box_border_grey\"><img loading=\"lazy\" decoding=\"async\" width=\"208\" height=\"300\" src=\"https:\/\/polefactorymke.com\/wp-content\/uploads\/2022\/10\/2Q9A3668-208x300.jpg\" class=\"vc_single_image-img attachment-medium\" alt=\"\" title=\"2Q9A3668\" srcset=\"https:\/\/polefactorymke.com\/wp-content\/uploads\/2022\/10\/2Q9A3668-208x300.jpg 208w, https:\/\/polefactorymke.com\/wp-content\/uploads\/2022\/10\/2Q9A3668-711x1024.jpg 711w, https:\/\/polefactorymke.com\/wp-content\/uploads\/2022\/10\/2Q9A3668-768x1106.jpg 768w, https:\/\/polefactorymke.com\/wp-content\/uploads\/2022\/10\/2Q9A3668-1066x1536.jpg 1066w, https:\/\/polefactorymke.com\/wp-content\/uploads\/2022\/10\/2Q9A3668-1422x2048.jpg 1422w, https:\/\/polefactorymke.com\/wp-content\/uploads\/2022\/10\/2Q9A3668-scaled.jpg 1777w\" sizes=\"auto, (max-width: 208px) 100vw, 208px\" \/><\/div>\n\t\t<\/figure>\n\t<\/div>\n<style type=\"text\/css\"> .vc_column_187495782:not(.vc_parallax):not(.jarallax) { overflow: center!important; position: relative; }<\/style><\/div><\/div><\/div><div class=\"wpb_column vc_column_container vc_col-sm-10 vc_column_1667096869\"><div class=\"vc_column-inner\"><div class=\"wpb_wrapper\">\n\t<div class=\"wpb_text_column wpb_content_element\" >\n\t\t<div class=\"wpb_wrapper\">\n\t\t\t<p><span style=\"font-size: 18px;\">Physical Therapy sessions at Pole Factory are for those experiencing current pain or injury on or off the pole. Stacy will work with you to come up with a plan and program to get you back to doing the activities you love to do! Session includes an initial intake, a full assessment and treatment, including a written program for you to do at home. Additionally, Stacy will do periodic phone or text check ins with you in between sessions.<\/span><\/p>\n\n\t\t<\/div>\n\t<\/div>\n<style type=\"text\/css\"> .vc_column_1667096869:not(.vc_parallax):not(.jarallax) { overflow: center!important; position: relative; }<\/style><\/div><\/div><\/div><style type=\"text\/css\"> .vc_row_766978773:not(.vc_parallax):not(.jarallax) { overflow: center!important; position: relative; }<\/style><\/div><div class=\"vc_empty_space\"   style=\"height: 32px\"><span class=\"vc_empty_space_inner\"><\/span><\/div><h3 style=\"font-size: 40px;color: #5c7b50;text-align: left;font-family:Lato;font-weight:300;font-style:normal\" class=\"vc_custom_heading vc_do_custom_heading\" >Available Packages:<\/h3><div class=\"vc_empty_space\"   style=\"height: 15px\"><span class=\"vc_empty_space_inner\"><\/span><\/div><div class=\"vc_row wpb_row vc_inner vc_row-fluid vc_row_1010257641\"><div class=\"wpb_column vc_column_container vc_col-sm-2 vc_column_986705901\"><div class=\"vc_column-inner\"><div class=\"wpb_wrapper\"><style type=\"text\/css\"> .vc_column_986705901:not(.vc_parallax):not(.jarallax) { overflow: center!important; position: relative; }<\/style><\/div><\/div><\/div><div class=\"wpb_column vc_column_container vc_col-sm-10 vc_column_1561688152\"><div class=\"vc_column-inner\"><div class=\"wpb_wrapper\">\n\t<div class=\"wpb_text_column wpb_content_element\" >\n\t\t<div class=\"wpb_wrapper\">\n\t\t\t<p><span style=\"color: #2e3d28;\"><span style=\"font-size: 18px;\">$110 for\u00a0<strong>initial evaluation<\/strong><\/span><\/span><\/p>\n<p><span style=\"color: #2e3d28;\"><span style=\"font-size: 18px;\">$90 for\u00a0<strong>single follow up sessions<\/strong><\/span><\/span><\/p>\n<p><span style=\"font-size: 18px; color: #2e3d28;\">$255 for a pack of\u00a0<strong>three<\/strong> sessions <span style=\"font-size: 14px;\">($85 each)\u00a0<\/span><\/span><\/p>\n<p><span style=\"font-size: 18px; color: #2e3d28;\">$400 for a pack of <b>five <\/b>sessions <span style=\"font-size: 14px;\">($80 each)\u00a0<\/span><\/span><\/p>\n<p>**Physical Therapy sessions are booked without using insurance, but receipts for HSA can be provided on demand**<\/p>\n\n\t\t<\/div>\n\t<\/div>\n<div class=\"vc_btn3-container vc_btn3-left vc_custom_1740005180245 vc_do_btn\" ><a class=\"vc_general vc_btn3 vc_btn3-size-md vc_btn3-shape-rounded vc_btn3-style-modern vc_btn3-color-green\" href=\"mailto:contact@polefactorymke.com\" title=\"\" target=\"_blank\">Click Here To Schedule\/Purchase<\/a><\/div><style type=\"text\/css\"> .vc_column_1561688152:not(.vc_parallax):not(.jarallax) { overflow: center!important; position: relative; }<\/style><\/div><\/div><\/div><style type=\"text\/css\"> .vc_row_1010257641:not(.vc_parallax):not(.jarallax) { overflow: center!important; position: relative; }<\/style><\/div><div class=\"vc_empty_space\"   style=\"height: 45px\"><span class=\"vc_empty_space_inner\"><\/span><\/div><h1 style=\"font-size: 50px;color: #455c3c;text-align: center;font-family:Lato;font-weight:400;font-style:italic\" class=\"vc_custom_heading vc_do_custom_heading\" >Strength Programming<\/h1><style type=\"text\/css\"> .vc_column_1494596064:not(.vc_parallax):not(.jarallax) { overflow: center!important; position: relative; }<\/style><\/div><\/div><\/div><style type=\"text\/css\"> .vc_row_1345166403:not(.vc_parallax) { overflow: center!important; position: relative; }<\/style><\/div><div class=\"vc_row wpb_row vc_row-fluid vc_row_150664017\"><div class=\"wpb_column vc_column_container vc_col-sm-12 vc_column_1542953231\"><div class=\"vc_column-inner\"><div class=\"wpb_wrapper\"><div class=\"vc_empty_space\"   style=\"height: 15px\"><span class=\"vc_empty_space_inner\"><\/span><\/div><div class=\"vc_row wpb_row vc_inner vc_row-fluid vc_row_2137273398\"><div class=\"wpb_column vc_column_container vc_col-sm-2 vc_column_1625703833\"><div class=\"vc_column-inner\"><div class=\"wpb_wrapper\">\n\t<div  class=\"wpb_single_image wpb_content_element vc_align_left wpb_content_element\">\n\t\t\n\t\t<figure class=\"wpb_wrapper vc_figure\">\n\t\t\t<div class=\"vc_single_image-wrapper   vc_box_border_grey\"><img loading=\"lazy\" decoding=\"async\" width=\"200\" height=\"300\" src=\"https:\/\/polefactorymke.com\/wp-content\/uploads\/2022\/09\/2Q9A3692-200x300.jpg\" class=\"vc_single_image-img attachment-medium\" alt=\"\" title=\"2Q9A3692\" srcset=\"https:\/\/polefactorymke.com\/wp-content\/uploads\/2022\/09\/2Q9A3692-200x300.jpg 200w, https:\/\/polefactorymke.com\/wp-content\/uploads\/2022\/09\/2Q9A3692-683x1024.jpg 683w, https:\/\/polefactorymke.com\/wp-content\/uploads\/2022\/09\/2Q9A3692-768x1152.jpg 768w, https:\/\/polefactorymke.com\/wp-content\/uploads\/2022\/09\/2Q9A3692-1024x1536.jpg 1024w, https:\/\/polefactorymke.com\/wp-content\/uploads\/2022\/09\/2Q9A3692-1365x2048.jpg 1365w, https:\/\/polefactorymke.com\/wp-content\/uploads\/2022\/09\/2Q9A3692-scaled.jpg 1707w\" sizes=\"auto, (max-width: 200px) 100vw, 200px\" \/><\/div>\n\t\t<\/figure>\n\t<\/div>\n<style type=\"text\/css\"> .vc_column_1625703833:not(.vc_parallax):not(.jarallax) { overflow: center!important; position: relative; }<\/style><\/div><\/div><\/div><div class=\"wpb_column vc_column_container vc_col-sm-10 vc_column_1754463443\"><div class=\"vc_column-inner\"><div class=\"wpb_wrapper\">\n\t<div class=\"wpb_text_column wpb_content_element\" >\n\t\t<div class=\"wpb_wrapper\">\n\t\t\t<p><span style=\"font-size: 18px;\">Stacy is available for individualized strength programming and instruction. These sessions are meant to teach you a well rounded strength building program so you can both build new muscle and help you reach your pole goals. You will have a program via an app or google spreadsheet to follow on your own using equipment available to you (either at Pole Factory during Open Gym\/Open Pole, or at your gym) after your sessions. If your gym allows, Stacy may be able to instruct you in the gym for exercises such as deadlift and barbell back squats.<\/span><\/p>\n\n\t\t<\/div>\n\t<\/div>\n<style type=\"text\/css\"> .vc_column_1754463443:not(.vc_parallax):not(.jarallax) { overflow: center!important; position: relative; }<\/style><\/div><\/div><\/div><style type=\"text\/css\"> .vc_row_2137273398:not(.vc_parallax):not(.jarallax) { overflow: center!important; position: relative; }<\/style><\/div><div class=\"vc_empty_space\"   style=\"height: 32px\"><span class=\"vc_empty_space_inner\"><\/span><\/div><h3 style=\"font-size: 40px;color: #5c7b50;text-align: left;font-family:Lato;font-weight:300;font-style:normal\" class=\"vc_custom_heading vc_do_custom_heading\" >Available Packages:<\/h3><div class=\"vc_empty_space\"   style=\"height: 15px\"><span class=\"vc_empty_space_inner\"><\/span><\/div><div class=\"vc_row wpb_row vc_inner vc_row-fluid vc_row_323241383\"><div class=\"wpb_column vc_column_container vc_col-sm-2 vc_column_989727721\"><div class=\"vc_column-inner\"><div class=\"wpb_wrapper\"><style type=\"text\/css\"> .vc_column_989727721:not(.vc_parallax):not(.jarallax) { overflow: center!important; position: relative; }<\/style><\/div><\/div><\/div><div class=\"wpb_column vc_column_container vc_col-sm-10 vc_column_1550803652\"><div class=\"vc_column-inner\"><div class=\"wpb_wrapper\">\n\t<div class=\"wpb_text_column wpb_content_element\" >\n\t\t<div class=\"wpb_wrapper\">\n\t\t\t<p><span style=\"color: #2e3d28;\"><span style=\"font-size: 18px;\">$90 for <strong>initial evaluation<\/strong><\/span><\/span><\/p>\n<p><span style=\"color: #2e3d28;\"><span style=\"font-size: 18px;\">$80 for <strong>single follow up sessions<\/strong><\/span><\/span><\/p>\n<p><span style=\"font-size: 18px; color: #2e3d28;\">$225 for a pack of <strong>three<\/strong> sessions <span style=\"font-size: 14px;\">($75 each)\u00a0<\/span><\/span><\/p>\n<p><span style=\"font-size: 18px; color: #2e3d28;\">$350 for a pack of <b>five <\/b>sessions <span style=\"font-size: 14px;\">($70 each)\u00a0<\/span><\/span><\/p>\n<p>**Strength Programming sessions are available for both those brand new to strength training and those with all levels of experience**<\/p>\n\n\t\t<\/div>\n\t<\/div>\n<div class=\"vc_btn3-container vc_btn3-left vc_custom_1740005146911 vc_do_btn\" ><a class=\"vc_general vc_btn3 vc_btn3-size-md vc_btn3-shape-rounded vc_btn3-style-modern vc_btn3-color-green\" href=\"mailto:contact@polefactorymke.com\" title=\"\" target=\"_blank\">Email Us Here To Schedule<\/a><\/div><style type=\"text\/css\"> .vc_column_1550803652:not(.vc_parallax):not(.jarallax) { overflow: center!important; position: relative; }<\/style><\/div><\/div><\/div><style type=\"text\/css\"> .vc_row_323241383:not(.vc_parallax):not(.jarallax) { overflow: center!important; position: relative; }<\/style><\/div><div class=\"vc_empty_space\"   style=\"height: 45px\"><span class=\"vc_empty_space_inner\"><\/span><\/div><h2 style=\"font-size: 35px;color: #455c3c;text-align: left;font-family:Lato;font-weight:300;font-style:normal\" class=\"vc_custom_heading vc_do_custom_heading\" >Ways to Book:<\/h2><div class=\"vc_empty_space\"   style=\"height: 15px\"><span class=\"vc_empty_space_inner\"><\/span><\/div><div class=\"vc_row wpb_row vc_inner vc_row-fluid vc_column-gap-35 vc_row_848603981\"><div class=\"wpb_column vc_column_container vc_col-sm-6 vc_column_2098676150\"><div class=\"vc_column-inner\"><div class=\"wpb_wrapper\">\n\t<div class=\"wpb_text_column wpb_content_element\" >\n\t\t<div class=\"wpb_wrapper\">\n\t\t\t<p><strong><span style=\"font-size: 18px;\">If you&#8217;re uncertain if you&#8217;re a good fit for Physical Therapy or Strength Programming or ready to book, please reach out to us:<\/span><\/strong><\/p>\n<p><span style=\"font-size: 18px;\">&#8211; Email <span style=\"text-decoration: underline;\"><a href=\"mailto:contact@polefactorymke.com\">contact@polefactorymke.com<\/a><\/span><\/span><\/p>\n<p><span style=\"font-size: 18px;\">&#8211; By emailing us, you can let us know a general area of concern, what goals you may have in mind, or anything else that has led you to consider a Physical Therapy session.<\/span><\/p>\n\n\t\t<\/div>\n\t<\/div>\n<style type=\"text\/css\"> .vc_column_2098676150:not(.vc_parallax):not(.jarallax) { overflow: center!important; position: relative; }<\/style><\/div><\/div><\/div><div class=\"wpb_column vc_column_container vc_col-sm-6 vc_column_2094049076\"><div class=\"vc_column-inner\"><div class=\"wpb_wrapper\">\n\t<div class=\"wpb_text_column wpb_content_element\" >\n\t\t<div class=\"wpb_wrapper\">\n\t\t\t<p><span style=\"font-size: 18px;\"><b>About Stacy<\/b><\/span><\/p>\n<p><span style=\"font-size: 18px;\">Stacy tiene un doctorado en terapia f\u00edsica y tiene especial inter\u00e9s en fuerza y acondicionamiento. Adem\u00e1s de la terapia f\u00edsica, Stacy ha ense\u00f1ado diversas formas de las clases de movimiento a trav\u00e9s de los a\u00f1os. Como un ex gimnasta adolescente, le encanta el reto de la fuerza y acrob\u00e1tico aspectos de polo. Stacy disfruta de desarrollo de la fuerza, la flexibilidad, el acondicionamiento, la nutrici\u00f3n y la programaci\u00f3n de la recuperaci\u00f3n, tanto para mejorar polo habilidades, sentirse mejor y reducir el riesgo de lesiones. Stacy comenz\u00f3 a tomar clases de pole a principios de a\u00f1o 2021, en una mitad de la vida capricho, y r\u00e1pidamente cay\u00f3 en amor con el deporte. Esto le ha ayudado a conectar con su cuerpo en forma positiva, el desarrollo de la creatividad en el movimiento, la puso de levantamiento de pesas para el uso pr\u00e1ctico, y de aprender a desafiar a s\u00ed misma y a recuperarse adecuadamente de los desaf\u00edos. La mayor\u00eda de todos, el sentido de la alegr\u00eda y la convivencia, aprender y ayudar a otros en el polo de la comunidad, ha sido uno de los mayores beneficios!<\/span><\/p>\n\n\t\t<\/div>\n\t<\/div>\n<style type=\"text\/css\"> .vc_column_2094049076:not(.vc_parallax):not(.jarallax) { overflow: center!important; position: relative; }<\/style><\/div><\/div><\/div><\/div><div class=\"vc_empty_space\"   style=\"height: 15px\"><span class=\"vc_empty_space_inner\"><\/span><\/div><style type=\"text\/css\"> .vc_column_1542953231:not(.vc_parallax):not(.jarallax) { overflow: center!important; position: relative; }<\/style><\/div><\/div><\/div><style type=\"text\/css\"> .vc_row_150664017:not(.vc_parallax) { overflow: center!important; position: relative; }<\/style><\/div><div class=\"vc_row wpb_row vc_row-fluid vc_row_1797973743\"><div class=\"wpb_column vc_column_container vc_col-sm-12 vc_column_2071697541\"><div class=\"vc_column-inner\"><div class=\"wpb_wrapper\"><style type=\"text\/css\"> .vc_column_2071697541:not(.vc_parallax):not(.jarallax) { overflow: center!important; position: relative; }<\/style><\/div><\/div><\/div><style type=\"text\/css\"> .vc_row_1797973743:not(.vc_parallax) { overflow: center!important; position: relative; }<\/style><\/div>\n<\/div>","protected":false},"excerpt":{"rendered":"Wellness at Pole Factory &nbsp;&nbsp; We believe that a strong, healthy body is the foundation for movement, longevity, and joy in pole dance. To support our students both in and out of class, we offer on-site physical therapy, strength programming, and massage therapy, ensuring that...","protected":false},"author":2,"featured_media":0,"parent":11712,"menu_order":0,"comment_status":"closed","ping_status":"closed","template":"","meta":{"_eb_attr":"","_exactmetrics_skip_tracking":false,"_exactmetrics_sitenote_active":false,"_exactmetrics_sitenote_note":"","_exactmetrics_sitenote_category":0,"footnotes":""},"class_list":["post-14666","page","type-page","status-publish","hentry"],"_links":{"self":[{"href":"https:\/\/polefactorymke.com\/es\/wp-json\/wp\/v2\/pages\/14666","targetHints":{"allow":["GET"]}}],"collection":[{"href":"https:\/\/polefactorymke.com\/es\/wp-json\/wp\/v2\/pages"}],"about":[{"href":"https:\/\/polefactorymke.com\/es\/wp-json\/wp\/v2\/types\/page"}],"author":[{"embeddable":true,"href":"https:\/\/polefactorymke.com\/es\/wp-json\/wp\/v2\/users\/2"}],"replies":[{"embeddable":true,"href":"https:\/\/polefactorymke.com\/es\/wp-json\/wp\/v2\/comments?post=14666"}],"version-history":[{"count":6,"href":"https:\/\/polefactorymke.com\/es\/wp-json\/wp\/v2\/pages\/14666\/revisions"}],"predecessor-version":[{"id":14717,"href":"https:\/\/polefactorymke.com\/es\/wp-json\/wp\/v2\/pages\/14666\/revisions\/14717"}],"up":[{"embeddable":true,"href":"https:\/\/polefactorymke.com\/es\/wp-json\/wp\/v2\/pages\/11712"}],"wp:attachment":[{"href":"https:\/\/polefactorymke.com\/es\/wp-json\/wp\/v2\/media?parent=14666"}],"curies":[{"name":"wp","href":"https:\/\/api.w.org\/{rel}","templated":true}]}}