{"id":14402,"date":"2024-05-20T11:03:58","date_gmt":"2024-05-20T16:03:58","guid":{"rendered":"https:\/\/polefactorymke.com\/?page_id=14402"},"modified":"2025-01-17T17:50:20","modified_gmt":"2025-01-17T23:50:20","slug":"faq","status":"publish","type":"page","link":"https:\/\/polefactorymke.com\/es\/faq\/","title":{"rendered":"Preguntas Frecuentes"},"content":{"rendered":"<div class=\"wpb-content-wrapper\"><div class=\"vc_row wpb_row vc_row-fluid vc_row_2003713699\"><div class=\"wpb_column vc_column_container vc_col-sm-2 vc_column_1797199864\"><div class=\"vc_column-inner\"><div class=\"wpb_wrapper\"><style type=\"text\/css\"> .vc_column_1797199864:not(.vc_parallax):not(.jarallax) { overflow: center!important; position: relative; }<\/style><\/div><\/div><\/div><div class=\"wpb_column vc_column_container vc_col-sm-8 vc_column_1783797064\"><div class=\"vc_column-inner\"><div class=\"wpb_wrapper\">\r\n            \r\n            <div class=\"sh-empty-space vc_empty_space sh-empty-space-0rFXOkInCu\" style=\"height: 32px\">\r\n                <span class=\"vc_empty_space_inner\"><\/span>\r\n            <\/div>\r\n\r\n        <h2 style=\"font-size: 30px;color: #5c7b50;text-align: left;font-family:Lato;font-weight:700;font-style:normal\" class=\"vc_custom_heading vc_do_custom_heading\" >\u00bfQui\u00e9n es bienvenido a tomar lecciones?<\/h2>\n\t<div class=\"wpb_text_column wpb_content_element\" >\n\t\t<div class=\"wpb_wrapper\">\n\t\t\t<p style=\"text-align: left;\"><span style=\"font-size: 18px; color: #000000;\">TODOS son bienvenidos a tomar lecciones! Apoyamos cualquier y todas las personas que est\u00e9n interesados en probar la pole dancing!<\/span><\/p>\n\n\t\t<\/div>\n\t<\/div>\n<style type=\"text\/css\"> .vc_column_1783797064:not(.vc_parallax):not(.jarallax) { overflow: center!important; position: relative; }<\/style><\/div><\/div><\/div><div class=\"wpb_column vc_column_container vc_col-sm-2 vc_column_193264108\"><div class=\"vc_column-inner\"><div class=\"wpb_wrapper\"><style type=\"text\/css\"> .vc_column_193264108:not(.vc_parallax):not(.jarallax) { overflow: center!important; position: relative; }<\/style><\/div><\/div><\/div><style type=\"text\/css\"> .vc_row_2003713699:not(.vc_parallax) { overflow: center!important; position: relative; }<\/style><\/div><div class=\"vc_row wpb_row vc_row-fluid vc_row_250054561\"><div class=\"wpb_column vc_column_container vc_col-sm-12 vc_column_1831587647\"><div class=\"vc_column-inner\"><div class=\"wpb_wrapper\">\r\n            \r\n            <div class=\"sh-empty-space vc_empty_space sh-empty-space-Ft0lu6SZVh\" style=\"height: 32px\">\r\n                <span class=\"vc_empty_space_inner\"><\/span>\r\n            <\/div>\r\n\r\n        <h1 style=\"font-size: 30px;color: #455c3c;text-align: left;font-family:Lato;font-weight:700;font-style:normal\" class=\"vc_custom_heading vc_do_custom_heading\" >General De La Clase De Pol\u00edticas<\/h1><style type=\"text\/css\"> .vc_column_1831587647:not(.vc_parallax):not(.jarallax) { overflow: center!important; position: relative; }<\/style><\/div><\/div><\/div><style type=\"text\/css\"> .vc_row_250054561:not(.vc_parallax) { overflow: center!important; position: relative; }<\/style><\/div><div class=\"vc_row wpb_row vc_row-fluid vc_row_769841180\"><div class=\"wpb_column vc_column_container vc_col-sm-2 vc_column_1095775306\"><div class=\"vc_column-inner\"><div class=\"wpb_wrapper\"><style type=\"text\/css\"> .vc_column_1095775306:not(.vc_parallax):not(.jarallax) { overflow: center!important; position: relative; }<\/style><\/div><\/div><\/div><div class=\"wpb_column vc_column_container vc_col-sm-10 vc_column_352004115\"><div class=\"vc_column-inner\"><div class=\"wpb_wrapper\"><h2 style=\"font-size: 25px;color: #5c7b50;text-align: left;font-family:Lato;font-weight:700;font-style:normal\" class=\"vc_custom_heading vc_do_custom_heading\" >\u00bfCu\u00e1l es su cancelaci\u00f3n\/pol\u00edtica de reembolso?<\/h2>\n\t<div class=\"wpb_text_column wpb_content_element\" >\n\t\t<div class=\"wpb_wrapper\">\n\t\t\t<p class=\"has-text-align-center has-text-color has-small-font-size\" style=\"text-align: left;\"><span style=\"font-size: 13px; color: #000000;\">Tenemos una\u00a0<strong>no hay reembolso<\/strong> la pol\u00edtica del Poste de F\u00e1brica MKE.<\/span><\/p>\n<p class=\"has-text-align-center has-text-color has-small-font-size\" style=\"text-align: left;\"><span style=\"font-size: 13px; color: #000000;\">Si <strong>cancel four or more hours before class time<\/strong>, you have class credit for another time, available on your Wellness Living account. If you <strong>late cancel within the four hours before class<\/strong>usted no recibir\u00e1 el cr\u00e9dito para otro momento. Entendemos que una emergencia ocurra, por favor no dudes en contactarnos para preguntas adicionales.<\/span><\/p>\n<p class=\"has-text-align-center has-text-color has-small-font-size\" style=\"text-align: left;\"><span style=\"font-size: 13px; color: #000000;\"><strong>No-mostrando<\/strong> to a class will result in losing that class credit. If you no-show more than twice in 30 days, then you will be charged a <strong>Tarifa de $5<\/strong>.<\/span><\/p>\n<p class=\"has-text-align-center has-text-color has-small-font-size\" style=\"text-align: left;\"><span style=\"font-size: 13px; color: #000000;\">No hay reembolsos para los boletos del evento o de compras al menudeo.<\/span><\/p>\n\n\t\t<\/div>\n\t<\/div>\n<h2 style=\"font-size: 25px;color: #5c7b50;text-align: left;font-family:Lato;font-weight:700;font-style:normal\" class=\"vc_custom_heading vc_do_custom_heading\" >\u00bfQu\u00e9 pasa si llego tarde a clase?<\/h2>\n\t<div class=\"wpb_text_column wpb_content_element\" >\n\t\t<div class=\"wpb_wrapper\">\n\t\t\t<p style=\"text-align: left;\"><span style=\"font-size: 13px; color: #000000;\">Hay un\u00a0<strong>10 minutos<\/strong>\u00a0ventana para finales de entradas. Despu\u00e9s de los 10 minutos, no se le permitir\u00e1 entrar como desaparecido el per\u00edodo de calentamiento te deja en riesgo de lesi\u00f3n. Constantemente llegan tarde tambi\u00e9n puede resultar en una tarifa de $5, a discreci\u00f3n del instructor.<\/span><\/p>\n\n\t\t<\/div>\n\t<\/div>\n<h2 style=\"font-size: 25px;color: #5c7b50;text-align: left;font-family:Lato;font-weight:700;font-style:normal\" class=\"vc_custom_heading vc_do_custom_heading\" >\u00bfPuedo entrar?<\/h2>\n\t<div class=\"wpb_text_column wpb_content_element\" >\n\t\t<div class=\"wpb_wrapper\">\n\t\t\t<p style=\"text-align: left;\"><span style=\"font-size: 13px; color: #000000;\">Somos un peque\u00f1o estudio, por lo que se requiere inscripci\u00f3n previa. Nuestro sistema de reservas online est\u00e1 siempre disponible, pero siempre estamos revisar el correo electr\u00f3nico, Instagram DMs, y nuestros tel\u00e9fonos de modo que si el \u00faltimo minuto para ver si hay espacio en una clase, no dude en comunicarse con nosotros o con su instructor. Pero usted no necesita permiso para mostrar no registrados.<\/span><\/p>\n\n\t\t<\/div>\n\t<\/div>\n<h2 style=\"font-size: 25px;color: #5c7b50;text-align: left;font-family:Lato;font-weight:700;font-style:normal\" class=\"vc_custom_heading vc_do_custom_heading\" >Puedo venir a ver una clase?<\/h2>\n\t<div class=\"wpb_text_column wpb_content_element\" >\n\t\t<div class=\"wpb_wrapper\">\n\t\t\t<p style=\"text-align: left;\"><span style=\"font-size: 13px; color: #000000;\">Por el respeto y la comodidad de todos los participantes, si usted firma para arriba para una clase en la que tiene que participar. Obviamente diferentes \u00f3rganos pueden resultar en la necesidad de m\u00e1s descansos, y eso est\u00e1 bien, pero s\u00f3lo para ver, no est\u00e1 permitido.<\/span><\/p>\n\n\t\t<\/div>\n\t<\/div>\n<h2 style=\"font-size: 25px;color: #5c7b50;text-align: left;font-family:Lato;font-weight:700;font-style:normal\" class=\"vc_custom_heading vc_do_custom_heading\" >Son ni\u00f1os que pueden asistir?<\/h2>\n\t<div class=\"wpb_text_column wpb_content_element\" >\n\t\t<div class=\"wpb_wrapper\">\n\t\t\t<p style=\"text-align: left;\"><span style=\"font-size: 13px; color: #000000;\">Cualquier persona de m\u00e1s de 16 a\u00f1os de edad se les permite participar, ser que firmar una renuncia. Sin embargo, no somos capaces de adaptarse de cuidado de ni\u00f1os en cualquier forma y a cualquier persona dentro del edificio del estudio deben participar en la clase.<\/span><\/p>\n\n\t\t<\/div>\n\t<\/div>\n<style type=\"text\/css\"> .vc_column_352004115:not(.vc_parallax):not(.jarallax) { overflow: center!important; position: relative; }<\/style><\/div><\/div><\/div><style type=\"text\/css\"> .vc_row_769841180:not(.vc_parallax) { overflow: center!important; position: relative; }<\/style><\/div><div class=\"vc_row wpb_row vc_row-fluid vc_row_1130859313\"><div class=\"wpb_column vc_column_container vc_col-sm-12 vc_column_294133967\"><div class=\"vc_column-inner\"><div class=\"wpb_wrapper\">\r\n            \r\n            <div class=\"sh-empty-space vc_empty_space sh-empty-space-BCEt6qfVQw\" style=\"height: 32px\">\r\n                <span class=\"vc_empty_space_inner\"><\/span>\r\n            <\/div>\r\n\r\n        <h1 style=\"font-size: 30px;color: #455c3c;text-align: left;font-family:Lato;font-weight:700;font-style:normal\" class=\"vc_custom_heading vc_do_custom_heading\" >Por Primera Vez Preguntas Comunes<\/h1><style type=\"text\/css\"> .vc_column_294133967:not(.vc_parallax):not(.jarallax) { overflow: center!important; position: relative; }<\/style><\/div><\/div><\/div><style type=\"text\/css\"> .vc_row_1130859313:not(.vc_parallax) { overflow: center!important; position: relative; }<\/style><\/div><div class=\"vc_row wpb_row vc_row-fluid vc_row_261712618\"><div class=\"wpb_column vc_column_container vc_col-sm-2 vc_column_1757570390\"><div class=\"vc_column-inner\"><div class=\"wpb_wrapper\"><style type=\"text\/css\"> .vc_column_1757570390:not(.vc_parallax):not(.jarallax) { overflow: center!important; position: relative; }<\/style><\/div><\/div><\/div><div class=\"wpb_column vc_column_container vc_col-sm-10 vc_column_2118636215\"><div class=\"vc_column-inner\"><div class=\"wpb_wrapper\"><h2 style=\"font-size: 25px;color: #5c7b50;text-align: left;font-family:Lato;font-weight:700;font-style:normal\" class=\"vc_custom_heading vc_do_custom_heading\" >Nunca he hecho la pole, que clase debo comenzar?<\/h2>\n\t<div class=\"wpb_text_column wpb_content_element\" >\n\t\t<div class=\"wpb_wrapper\">\n\t\t\t<p style=\"text-align: left;\"><span style=\"font-size: 13px; color: #000000;\">Echa un vistazo a nuestro paso-por-paso gu\u00eda\u00a0<a style=\"color: #000000;\" href=\"https:\/\/polefactorymke.com\/index.php\/new-start-here\/\" target=\"_blank\" rel=\"noreferrer noopener\">aqu\u00ed<\/a>! Recomendamos comenzar con una Introducci\u00f3n a la Pole ya que est\u00e1 dise\u00f1ado para los principiantes!<\/span><\/p>\n\n\t\t<\/div>\n\t<\/div>\n<h2 style=\"font-size: 25px;color: #5c7b50;text-align: left;font-family:Lato;font-weight:700;font-style:normal\" class=\"vc_custom_heading vc_do_custom_heading\" >Necesito ciertas habilidades para empezar a tomar la clase?<\/h2>\n\t<div class=\"wpb_text_column wpb_content_element\" >\n\t\t<div class=\"wpb_wrapper\">\n\t\t\t<p style=\"text-align: left;\"><span style=\"font-size: 13px; color: #000000;\">Nope! Cualquier fuerza y la flexibilidad que usted ve en nuestro nivel superior polers viene de a\u00f1os de entrenamiento y pr\u00e1ctica. Nadie empieza en la parte superior! Ven echa un vistazo a nuestro yoga y la fuerza de los cursos para el desarrollo de destrezas en el interior y el exterior del poste.<\/span><\/p>\n\n\t\t<\/div>\n\t<\/div>\n<h2 style=\"font-size: 25px;color: #5c7b50;text-align: left;font-family:Lato;font-weight:700;font-style:normal\" class=\"vc_custom_heading vc_do_custom_heading\" >Hay un l\u00edmite de peso en los polos?<\/h2>\n\t<div class=\"wpb_text_column wpb_content_element\" >\n\t\t<div class=\"wpb_wrapper\">\n\t\t\t<p style=\"text-align: left;\"><span style=\"font-size: 13px; color: #000000;\">No hay (significativo) los l\u00edmites de peso en los polos! Se necesitar\u00edan varios los seres humanos y la extrema fuerza para desalojar a nuestros polos, por lo que todos los cuerpos son bienvenidos!<\/span><\/p>\n\n\t\t<\/div>\n\t<\/div>\n<h2 style=\"font-size: 25px;color: #5c7b50;text-align: left;font-family:Lato;font-weight:700;font-style:normal\" class=\"vc_custom_heading vc_do_custom_heading\" >\u00bfQu\u00e9 debo llevar a clase?<\/h2>\n\t<div class=\"wpb_text_column wpb_content_element\" >\n\t\t<div class=\"wpb_wrapper\">\n\t\t\t<p class=\"has-text-align-center has-text-color has-small-font-size\" style=\"text-align: left;\"><span style=\"font-size: 13px; color: #000000;\">Llevar lo que es m\u00e1s c\u00f3modo para usted! Cualquier ropa de entrenamiento son adecuados: leggings, pantalones cortos, camiseta, la parte superior del tanque, etc. Los pantalones cortos son alentados por la pole fundaciones en caso de piel de agarre, pero no es necesario. Usted puede ir descalzo o con calcetines!<\/span><\/p>\n<p class=\"has-text-align-center has-text-color has-small-font-size\" style=\"text-align: left;\"><span style=\"font-size: 13px; color: #000000;\">Por favor, recuerde que no se aplique ninguna crema o aceites de la piel o el desgaste de los metales de mano de la joyer\u00eda, tales como anillos, en el d\u00eda de su horario de clase.<\/span><\/p>\n<p class=\"has-text-align-center has-text-color has-small-font-size\" style=\"text-align: left;\"><span style=\"font-size: 13px; color: #000000;\">Siempre se puede comprobar la clase de descripciones y las instrucciones especiales para la clase especial atuendo.<\/span><\/p>\n\n\t\t<\/div>\n\t<\/div>\n<h2 style=\"font-size: 25px;color: #5c7b50;text-align: left;font-family:Lato;font-weight:700;font-style:normal\" class=\"vc_custom_heading vc_do_custom_heading\" >\u00bfPor qu\u00e9 no puedo usar loci\u00f3n o las joyas de las manos?<\/h2>\n\t<div class=\"wpb_text_column wpb_content_element\" >\n\t\t<div class=\"wpb_wrapper\">\n\t\t\t<p class=\"has-text-align-center has-text-color has-small-font-size\" style=\"text-align: left;\"><span style=\"font-size: 13px; color: #000000;\">La loci\u00f3n en el cuerpo har\u00e1 que tu piel resbaladiza, especialmente cuando se suda, lo que es m\u00e1s dif\u00edcil de agarre de la p\u00e9rtiga. Nuestros postes son de metal y las joyas de las manos tiende a ser de metal, los dos pueden rayar, la talla en nuestros polos y dejando en riesgo de fragmentos met\u00e1licos.<\/span><\/p>\n\n\t\t<\/div>\n\t<\/div>\n<style type=\"text\/css\"> .vc_column_2118636215:not(.vc_parallax):not(.jarallax) { overflow: center!important; position: relative; }<\/style><\/div><\/div><\/div><style type=\"text\/css\"> .vc_row_261712618:not(.vc_parallax) { overflow: center!important; position: relative; }<\/style><\/div><div class=\"vc_row wpb_row vc_row-fluid vc_row_1754743257\"><div class=\"wpb_column vc_column_container vc_col-sm-12 vc_column_903154326\"><div class=\"vc_column-inner\"><div class=\"wpb_wrapper\">\r\n            \r\n            <div class=\"sh-empty-space vc_empty_space sh-empty-space-OfowKgnmc0\" style=\"height: 32px\">\r\n                <span class=\"vc_empty_space_inner\"><\/span>\r\n            <\/div>\r\n\r\n        <h1 style=\"font-size: 30px;color: #455c3c;text-align: left;font-family:Lato;font-weight:700;font-style:normal\" class=\"vc_custom_heading vc_do_custom_heading\" >Preguntas Comunes<\/h1><style type=\"text\/css\"> .vc_column_903154326:not(.vc_parallax):not(.jarallax) { overflow: center!important; position: relative; }<\/style><\/div><\/div><\/div><style type=\"text\/css\"> .vc_row_1754743257:not(.vc_parallax) { overflow: center!important; position: relative; }<\/style><\/div><div class=\"vc_row wpb_row vc_row-fluid vc_row_1452062735\"><div class=\"wpb_column vc_column_container vc_col-sm-2 vc_column_546241829\"><div class=\"vc_column-inner\"><div class=\"wpb_wrapper\"><style type=\"text\/css\"> .vc_column_546241829:not(.vc_parallax):not(.jarallax) { overflow: center!important; position: relative; }<\/style><\/div><\/div><\/div><div class=\"wpb_column vc_column_container vc_col-sm-10 vc_column_1634998555\"><div class=\"vc_column-inner\"><div class=\"wpb_wrapper\"><h2 style=\"font-size: 25px;color: #5c7b50;text-align: left;font-family:Lato;font-weight:700;font-style:normal\" class=\"vc_custom_heading vc_do_custom_heading\" >Cu\u00e1ntas clases hasta que yo llegue a buen poste de baile?<\/h2>\n\t<div class=\"wpb_text_column wpb_content_element\" >\n\t\t<div class=\"wpb_wrapper\">\n\t\t\t<p class=\"has-text-align-center has-text-color has-small-font-size\" style=\"text-align: left;\"><span style=\"font-size: 13px; color: #000000;\">Cada uno tiene objetivos diferentes por la pole dancing: fuerza, flujo, trucos, tacones o sin tacones, y cada uno viene con su propio conjunto particular de habilidades y desaf\u00edos. Polo no es una carrera o un reto, es una experiencia y que va a mejorar en diferentes formas, dependiendo del momento en que usted se siente que usted desea poner.<\/span><\/p>\n\n\t\t<\/div>\n\t<\/div>\n<h2 style=\"font-size: 25px;color: #5c7b50;text-align: left;font-family:Lato;font-weight:700;font-style:normal\" class=\"vc_custom_heading vc_do_custom_heading\" >\u00bfQu\u00e9 ofrece adulto artistas?<\/h2>\n\t<div class=\"wpb_text_column wpb_content_element\" >\n\t\t<div class=\"wpb_wrapper\">\n\t\t\t<p style=\"text-align: left;\"><span style=\"font-size: 13px; color: #000000;\">Polo F\u00e1brica est\u00e1 comprometida con el respeto y el apoyo de los locales stripping de la comunidad. Nuestro personal se compone de muchas de las actuales y retirados de strippers. Adulto artistas son bienvenidos dentro de nuestro espacio y a usar lo que usted se sienta m\u00e1s c\u00f3modo de usar.<\/span><\/p>\n\n\t\t<\/div>\n\t<\/div>\n<h2 style=\"font-size: 25px;color: #5c7b50;text-align: left;font-family:Lato;font-weight:700;font-style:normal\" class=\"vc_custom_heading vc_do_custom_heading\" >\u00bfQu\u00e9 es una lista de Espera?<\/h2>\n\t<div class=\"wpb_text_column wpb_content_element\" >\n\t\t<div class=\"wpb_wrapper\">\n\t\t\t<p style=\"text-align: left;\"><span style=\"font-size: 13px; color: #000000;\">En la lista de espera significa que la clase est\u00e1 llena, pero usted est\u00e1 en una lista, que se introduce autom\u00e1ticamente en la clase. Si a alguien se le cae la clase antes de finales de la d\u00e9cada de cancelar per\u00edodo, usted se mover\u00e1 autom\u00e1ticamente a la clase. Usted recibir\u00e1 una notificaci\u00f3n si vienes fuera de la lista de espera. Si usted no puede asistir, aseg\u00farese de eliminar el formulario de la lista de espera<\/span><\/p>\n\n\t\t<\/div>\n\t<\/div>\n<h2 style=\"font-size: 25px;color: #5c7b50;text-align: left;font-family:Lato;font-weight:700;font-style:normal\" class=\"vc_custom_heading vc_do_custom_heading\" >Estoy pensando en conseguir una casa de polo, \u00bfqu\u00e9 recomienda usted?<\/h2>\n\t<div class=\"wpb_text_column wpb_content_element\" >\n\t\t<div class=\"wpb_wrapper\">\n\t\t\t<p><span style=\"font-size: 13px; color: #000000;\">En el Polo de la F\u00e1brica, tenemos m\u00faltiples polos en el estudio y tener un mont\u00f3n de experiencia con diferentes marcas. Diferentes tipos pueden adaptarse a diferentes necesidades. Nos encanta nuestro <a href=\"https:\/\/xpoleus.com\/\" target=\"_blank\" rel=\"noopener\">X-Pole<\/a> la etapa de los polacos, que tenemos en cromo, acero inoxidable, y una piruleta de apego. Tambi\u00e9n nos encanta nuestro retiro Lupit de Postes para el estudio, a la que tenemos en chrome. Nuestra Platino etapa polos son inoxidable con los pernos, que hemos recibido de segunda mano. Si\u00e9ntase libre de hacernos las preguntas o la b\u00fasqueda de sus sitios web para encontrar lo que usted podr\u00eda estar buscando.<\/span><\/p>\n<p><span style=\"font-size: 13px; color: #000000;\">Estamos afiliados con <a style=\"color: #000000;\" href=\"https:\/\/www.lupitpole.com\/en\/shop\" target=\"_blank\" rel=\"noopener\">Lupit Polo<\/a> y usted puede recibir un descuento del 5% utilizando nuestro c\u00f3digo: PoleFactory en la caja.<\/span><\/p>\n\n\t\t<\/div>\n\t<\/div>\n<style type=\"text\/css\"> .vc_column_1634998555:not(.vc_parallax):not(.jarallax) { overflow: center!important; position: relative; }<\/style><\/div><\/div><\/div><style type=\"text\/css\"> .vc_row_1452062735:not(.vc_parallax) { overflow: center!important; position: relative; }<\/style><\/div>\n<\/div>","protected":false},"excerpt":{"rendered":"Who is welcome to take lessons? EVERYONE is welcome to take lessons! We support any and all people who are interested in trying out pole dancing! General Class PoliciesWhat is your cancellation\/refund policy? We have a\u00a0no refund policy at Pole Factory MKE. If you cancel...","protected":false},"author":2,"featured_media":0,"parent":0,"menu_order":0,"comment_status":"closed","ping_status":"closed","template":"","meta":{"_eb_attr":"","_exactmetrics_skip_tracking":false,"_exactmetrics_sitenote_active":false,"_exactmetrics_sitenote_note":"","_exactmetrics_sitenote_category":0,"footnotes":""},"class_list":["post-14402","page","type-page","status-publish","hentry"],"_links":{"self":[{"href":"https:\/\/polefactorymke.com\/es\/wp-json\/wp\/v2\/pages\/14402","targetHints":{"allow":["GET"]}}],"collection":[{"href":"https:\/\/polefactorymke.com\/es\/wp-json\/wp\/v2\/pages"}],"about":[{"href":"https:\/\/polefactorymke.com\/es\/wp-json\/wp\/v2\/types\/page"}],"author":[{"embeddable":true,"href":"https:\/\/polefactorymke.com\/es\/wp-json\/wp\/v2\/users\/2"}],"replies":[{"embeddable":true,"href":"https:\/\/polefactorymke.com\/es\/wp-json\/wp\/v2\/comments?post=14402"}],"version-history":[{"count":36,"href":"https:\/\/polefactorymke.com\/es\/wp-json\/wp\/v2\/pages\/14402\/revisions"}],"predecessor-version":[{"id":14672,"href":"https:\/\/polefactorymke.com\/es\/wp-json\/wp\/v2\/pages\/14402\/revisions\/14672"}],"wp:attachment":[{"href":"https:\/\/polefactorymke.com\/es\/wp-json\/wp\/v2\/media?parent=14402"}],"curies":[{"name":"wp","href":"https:\/\/api.w.org\/{rel}","templated":true}]}}