{"id":13627,"date":"2023-01-04T13:53:45","date_gmt":"2023-01-04T19:53:45","guid":{"rendered":"https:\/\/polefactorymke.com\/?page_id=13627"},"modified":"2026-03-05T19:20:56","modified_gmt":"2026-03-06T01:20:56","slug":"new-start-here","status":"publish","type":"page","link":"https:\/\/polefactorymke.com\/es\/new-start-here\/","title":{"rendered":"De nuevo? Comienza Aqu\u00ed!"},"content":{"rendered":"<div class=\"wpb-content-wrapper\"><div class=\"vc_row wpb_row vc_row-fluid vc_row_2116157134\"><div class=\"wpb_animate_when_almost_visible wpb_slideInLeft slideInLeft wpb_column vc_column_container vc_col-sm-12\"><div class=\"vc_column-inner\"><div class=\"wpb_wrapper\"><div class=\"vc_empty_space\"   style=\"height: 50px\"><span class=\"vc_empty_space_inner\"><\/span><\/div><h1 style=\"font-size: 50px;color: #455c3c;text-align: center;font-family:Lato;font-weight:700;font-style:normal\" class=\"vc_custom_heading vc_do_custom_heading\" >Nuevo Polo? Comienza Aqu\u00ed!<\/h1><div class=\"vc_empty_space\"   style=\"height: 50px\"><span class=\"vc_empty_space_inner\"><\/span><\/div><\/div><\/div><\/div><div class=\"wpb_column vc_column_container vc_col-sm-12 vc_column_1812674850\"><div class=\"vc_column-inner\"><div class=\"wpb_wrapper\"><div class=\"vc_empty_space\"   style=\"height: 25px\"><span class=\"vc_empty_space_inner\"><\/span><\/div><h2 style=\"font-size: 30px;color: #739a64;text-align: left;font-family:Lato;font-weight:400;font-style:normal\" class=\"vc_custom_heading vc_do_custom_heading\" >Paso Uno: Haga Una Cuenta Con Nosotros<\/h2>\n\t<div class=\"wpb_text_column wpb_content_element\" >\n\t\t<div class=\"wpb_wrapper\">\n\t\t\t<p><span style=\"font-size: 18px;\">Hacer una cuenta con nosotros y signo de nuestra l\u00ednea de renuncia a trav\u00e9s de WellnessLiving\u00a0<em><strong><a href=\"https:\/\/www.wellnessliving.com\/rs\/schedule\/polefactorymke?k_business=416499&amp;k_class_tab=51185&amp;uid=46831410&amp;id_class_tab=1\" target=\"_blank\" rel=\"noopener\">HERE!<\/a> <\/strong><\/em>Despu\u00e9s de crear su cuenta, usted puede descargar el WellnessLiving Lograr la Aplicaci\u00f3n en el <a href=\"https:\/\/apps.apple.com\/us\/app\/wellnessliving-achieve\/id1135932782\">En La Tienda De Apple<\/a> o <a href=\"https:\/\/play.google.com\/store\/apps\/details?id=com.wellnessliving.achieve&amp;hl=en_US&amp;gl=US&amp;pli=1\">Google Play Store<\/a>.<\/span><\/p>\n<p>&nbsp;<\/p>\n\n\t\t<\/div>\n\t<\/div>\n<style type=\"text\/css\"> .vc_column_1812674850:not(.vc_parallax):not(.jarallax) { overflow: center!important; position: relative; }<\/style><\/div><\/div><\/div><style type=\"text\/css\"> .vc_row_2116157134:not(.vc_parallax) { overflow: center!important; position: relative; }<\/style><\/div><div class=\"vc_row wpb_row vc_row-fluid vc_row_1067647492\"><div class=\"wpb_column vc_column_container vc_col-sm-12 vc_column_1872887908\"><div class=\"vc_column-inner\"><div class=\"wpb_wrapper\"><div class=\"vc_empty_space\"   style=\"height: 25px\"><span class=\"vc_empty_space_inner\"><\/span><\/div><h2 style=\"font-size: 30px;color: #739a64;text-align: left;font-family:Lato;font-weight:400;font-style:normal\" class=\"vc_custom_heading vc_do_custom_heading\" >Paso Dos: inscribirse en la Introducci\u00f3n de Polo!<\/h2>\n\t<div class=\"wpb_text_column wpb_content_element\" >\n\t\t<div class=\"wpb_wrapper\">\n\t\t\t<p><span style=\"font-size: 18px;\"><strong>Intro<\/strong> est\u00e1 dise\u00f1ado espec\u00edficamente para nuestra primera vez polers. Usted s\u00f3lo tendr\u00e1 que tomar una vez antes de que est\u00e9 listo para avanzar en nuestros cursos de nivel. Su instructor le final de la clase con la gu\u00eda a trav\u00e9s de nuestra estructura de clase!<\/span><\/p>\n<p><span style=\"font-size: 18px;\">En nuestro calendario a continuaci\u00f3n, haga clic en &#034;Libro&#034; en su clase preferente y de compra para conseguir que usted firm\u00f3 para arriba! (Si\u00e9ntase libre de correo electr\u00f3nico con nosotros para otros personalizada lecciones en grupo fuera de clase horas de la lista.)<\/span><\/p>\n\n\t\t<\/div>\n\t<\/div>\n<style type=\"text\/css\"> .vc_column_1872887908:not(.vc_parallax):not(.jarallax) { overflow: center!important; position: relative; }<\/style><\/div><\/div><\/div><style type=\"text\/css\"> .vc_row_1067647492:not(.vc_parallax) { overflow: center!important; position: relative; }<\/style><\/div><div class=\"vc_row wpb_row vc_row-fluid vc_row_1736188637\"><div class=\"wpb_column vc_column_container vc_col-sm-12 vc_column_1851482865\"><div class=\"vc_column-inner\"><div class=\"wpb_wrapper\"><div class=\"vc_empty_space\"   style=\"height: 25px\"><span class=\"vc_empty_space_inner\"><\/span><\/div><h2 style=\"font-size: 30px;color: #739a64;text-align: left;font-family:Lato;font-weight:400;font-style:normal\" class=\"vc_custom_heading vc_do_custom_heading\" >Paso Tres: prep\u00e1rate para la Clase!<\/h2>\n\t<div class=\"wpb_text_column wpb_content_element\" >\n\t\t<div class=\"wpb_wrapper\">\n\t\t\t<p><span style=\"font-size: 18px;\">Para su primera clase, usar lo que se siente m\u00e1s c\u00f3modo para usted! Cualquier ropa de entrenamiento son adecuados: leggings, pantalones cortos, camiseta, la parte superior del tanque, etc. Los pantalones cortos son alentados por la pole fundaciones en caso de piel de agarre, pero no es necesario. Usted puede ir descalzo o con calcetines! Por favor, recuerde que no se aplique ninguna crema o aceites de la piel o el desgaste de los metales de mano de la joyer\u00eda, tales como anillos, en el d\u00eda de su horario de clase.<\/span><\/p>\n<p>&nbsp;<\/p>\n<p><span style=\"font-size: 18px;\">Leer a trav\u00e9s de nuestra\u00a0<a href=\"https:\/\/polefactorymke.com\/index.php\/faq\/\" target=\"_blank\" rel=\"noreferrer noopener\">Preguntas Frecuentes<\/a> para toda la informaci\u00f3n de clase y pol\u00edticas!<\/span><\/p>\n\n\t\t<\/div>\n\t<\/div>\n<style type=\"text\/css\"> .vc_column_1851482865:not(.vc_parallax):not(.jarallax) { overflow: center!important; position: relative; }<\/style><\/div><\/div><\/div><style type=\"text\/css\"> .vc_row_1736188637:not(.vc_parallax) { overflow: center!important; position: relative; }<\/style><\/div><div class=\"vc_row wpb_row vc_row-fluid vc_row_1634744744\"><div class=\"wpb_column vc_column_container vc_col-sm-12 vc_column_1059186391\"><div class=\"vc_column-inner\"><div class=\"wpb_wrapper\"><div class=\"vc_empty_space\"   style=\"height: 25px\"><span class=\"vc_empty_space_inner\"><\/span><\/div><h2 style=\"font-size: 30px;color: #739a64;text-align: left;font-family:Lato;font-weight:400;font-style:normal\" class=\"vc_custom_heading vc_do_custom_heading\" >Paso Cuatro: llegar a Clase!<\/h2>\n\t<div class=\"wpb_text_column wpb_content_element\" >\n\t\t<div class=\"wpb_wrapper\">\n\t\t\t<p><span style=\"font-size: 18px;\">Llegar al Polo de la F\u00e1brica MKE alrededor de 10 minutos m\u00e1s temprano! Entrar por la puerta de Walker San El estudio es de hasta un tramo de escaleras. Por favor, env\u00edenos un correo electr\u00f3nico directamente para las direcciones hacia el ascensor. Hay un espacio para los zapatos en la parte superior y otro mueble ubicado en el interior de sus art\u00edculos personales! La puerta se desbloquea 10 minutos antes de las clases, llame gratis, si la puerta no est\u00e1 abierta despu\u00e9s de ese punto.<\/span><\/p>\n\n\t\t<\/div>\n\t<\/div>\n<style type=\"text\/css\"> .vc_column_1059186391:not(.vc_parallax):not(.jarallax) { overflow: center!important; position: relative; }<\/style><\/div><\/div><\/div><style type=\"text\/css\"> .vc_row_1634744744:not(.vc_parallax) { overflow: center!important; position: relative; }<\/style><\/div><div class=\"vc_row wpb_row vc_row-fluid vc_row_2102675849\"><div class=\"wpb_column vc_column_container vc_col-sm-12 vc_column_606611329\"><div class=\"vc_column-inner\"><div class=\"wpb_wrapper\"><div class=\"vc_empty_space\"   style=\"height: 25px\"><span class=\"vc_empty_space_inner\"><\/span><\/div><h2 style=\"font-size: 30px;color: #739a64;text-align: left;font-family:Lato;font-weight:400;font-style:normal\" class=\"vc_custom_heading vc_do_custom_heading\" >Paso Cinco: Convertirse en un Miembro y el Libro M\u00e1s Clases!<\/h2>\n\t<div class=\"wpb_text_column wpb_content_element\" >\n\t\t<div class=\"wpb_wrapper\">\n\t\t\t<p class=\"has-text-color\"><span style=\"font-size: 18px;\">Ofrecemos una variedad de pertenencia y la clase de paquete de opciones, <a href=\"https:\/\/polefactorymke.com\/index.php\/memberships\/\">disponible aqu\u00ed<\/a>para hacer venir a la clase m\u00e1s conveniente.<\/span><\/p>\n<p class=\"has-text-color\"><span style=\"font-size: 18px;\">Despu\u00e9s de su primera clase, son capaces de tomar m\u00e1s de Polo Fundaciones o una variedad de otros tales como el de cualquiera de nuestro nivel de uno de los polos de las clases o abierta nivel de no-polo clases. Aseg\u00farese de leer la descripci\u00f3n de los requisitos previos de todas las clases y no dude en preguntar a su instructor sobre su propia preparaci\u00f3n para otro nivel.<\/span><\/p>\n<p>&nbsp;<\/p>\n\n\t\t<\/div>\n\t<\/div>\n<style type=\"text\/css\"> .vc_column_606611329:not(.vc_parallax):not(.jarallax) { overflow: center!important; position: relative; }<\/style><\/div><\/div><\/div><style type=\"text\/css\"> .vc_row_2102675849:not(.vc_parallax) { overflow: center!important; position: relative; }<\/style><\/div><div class=\"vc_row wpb_row vc_row-fluid vc_row_1190017351\"><div class=\"wpb_column vc_column_container vc_col-sm-12 vc_column_646122269\"><div class=\"vc_column-inner\"><div class=\"wpb_wrapper\"><div class=\"vc_empty_space\"   style=\"height: 25px\"><span class=\"vc_empty_space_inner\"><\/span><\/div><h2 style=\"font-size: 30px;color: #739a64;text-align: left;font-family:Lato;font-weight:400;font-style:normal\" class=\"vc_custom_heading vc_do_custom_heading\" >Paso Seis: d\u00e9janos un Comentario!<\/h2>\n\t<div class=\"wpb_text_column wpb_content_element\" >\n\t\t<div class=\"wpb_wrapper\">\n\t\t\t<p class=\"has-text-color\"><span style=\"font-size: 18px;\">Si usted ten\u00eda un gran momento, nos permiten a nosotros y a los dem\u00e1s saber! D\u00e9janos un comentario sobre WellnessLiving <a href=\"https:\/\/www.wellnessliving.com\/rs\/review-list.html?k_location=286466&amp;is_widget=1\">aqu\u00ed<\/a>, Google, Facebook, o Yelp! Ayudar a nuestros peque\u00f1os negocios \ud83d\ude42<\/span><\/p>\n<p>&nbsp;<\/p>\n\n\t\t<\/div>\n\t<\/div>\n<style type=\"text\/css\"> .vc_column_646122269:not(.vc_parallax):not(.jarallax) { overflow: center!important; position: relative; }<\/style><\/div><\/div><\/div><div class=\"wpb_column vc_column_container vc_col-sm-12 vc_column_1310187699\"><div class=\"vc_column-inner\"><div class=\"wpb_wrapper\"><div class=\"vc_empty_space\"   style=\"height: 25px\"><span class=\"vc_empty_space_inner\"><\/span><\/div><h2 style=\"font-size: 30px;color: #739a64;text-align: center;font-family:Lato;font-weight:400;font-style:normal\" class=\"vc_custom_heading vc_do_custom_heading\" >Listo para reservar?<\/h2><div class=\"vc_empty_space\"   style=\"height: 25px\"><span class=\"vc_empty_space_inner\"><\/span><\/div><h3 style=\"font-size: 25px;color: #8fae83;text-align: left;font-family:Abril Fatface;font-weight:400;font-style:normal\" class=\"vc_custom_heading vc_do_custom_heading\" ><a href=\"https:\/\/polefactorymke.com\/index.php\/class-schedule\/\" target=\"_blank\" title=\"Nuestro Horario!\">Nuestro Horario Completo<\/a><\/h3>\n\t<div class=\"wpb_raw_code wpb_raw_html wpb_content_element\" >\n\t\t<div class=\"wpb_wrapper\">\n\t\t\t<!-- BEGIN WELLNESSLIVING CODE -->\n  <div class=\"wl-widget\" data=\"k_skin=296512&amp;k_business=416499\"><\/div>\n  <script src=\"https:\/\/www.wellnessliving.com\/rs\/skin-widget-static.js\" type=\"text\/javascript\"><\/script>\n  \n  \n    <a href=\"https:\/\/www.wellnessliving.com\/fitness\/\" rel=\"nofollow\" style=\"display: block; float: right; margin: 16px 16px 0 0;\"><img loading=\"lazy\" decoding=\"async\" src=\"https:\/\/d1v4s90m0bk5bo.cloudfront.net\/E\/S.png\" alt=\"Fitness management software\" height=\"39\" width=\"267\" style=\"height:39px; width:267px;\" \/><\/a>\n  \n  <br clear=\"both\" \/>\n\n  <!-- END WELLNESSLIVING CODE -->\n\t\t<\/div>\n\t<\/div>\n<style type=\"text\/css\"> .vc_column_1310187699:not(.vc_parallax):not(.jarallax) { overflow: center!important; position: relative; }<\/style><\/div><\/div><\/div><style type=\"text\/css\"> .vc_row_1190017351:not(.vc_parallax) { overflow: center!important; position: relative; }<\/style><\/div><div data-vc-full-width=\"true\" data-vc-full-width-init=\"false\" class=\"vc_row wpb_row vc_row-fluid vc_custom_1746810351215 vc_row-has-fill vc_row_285409526\"><div class=\"wpb_column vc_column_container vc_col-sm-12 vc_column_835111629\"><div class=\"vc_column-inner\"><div class=\"wpb_wrapper\" style=\"width: 100%; max-width: 740px;margin-left: auto; margin-right: auto;\">\r\n            \r\n            <div class=\"sh-empty-space vc_empty_space sh-empty-space-Bzv5WU0mj8\" style=\"height: 50px\">\r\n                <span class=\"vc_empty_space_inner\"><\/span>\r\n            <\/div>\r\n\r\n        \r\n<div class=\"sh-heading\" id=\"heading-Nwo1Jd3t8e\">\r\n\t<div class=\"sh-element-margin\">\r\n\r\n\t\t\r\n\t\t\t<h3 class=\"sh-heading-content size-custom text-center\">\r\n\t\t\t\tDrop your info below and we'll send you 20% off your first class!\t\t\t<\/h3>\r\n\r\n\t\t\r\n\t<\/div>\r\n<\/div>\r\n            <style type=\"text\/css\">\r\n                #heading-Nwo1Jd3t8e .sh-element-margin {}@media (max-width: 1024px) {#heading-Nwo1Jd3t8e .sh-heading-content {font-size: 20px!important;}}#heading-Nwo1Jd3t8e .sh-heading-content {font-size: 26px;font-weight: 300!important;color: #234f1e;}#heading-Nwo1Jd3t8e .sh-heading-content,#heading-Nwo1Jd3t8e .sh-heading-additional-text {font-family: 'Kalam'!important;}            <\/style>\r\n        \r\n            \r\n            <div class=\"sh-empty-space vc_empty_space sh-empty-space-t9l2YIE06J\" style=\"height: 50px\">\r\n                <span class=\"vc_empty_space_inner\"><\/span>\r\n            <\/div>\r\n\r\n        <div class=\"vc_row wpb_row vc_inner vc_row-fluid vc_row_1937492266\"><div class=\"wpb_column vc_column_container vc_col-sm-3 vc_column_1229320550\"><div class=\"vc_column-inner\"><div class=\"wpb_wrapper\"><style type=\"text\/css\"> .vc_column_1229320550:not(.vc_parallax):not(.jarallax) { overflow: center!important; position: relative; }<\/style><\/div><\/div><\/div><div class=\"wpb_column vc_column_container vc_col-sm-6 vc_column_1675462169\"><div class=\"vc_column-inner\"><div class=\"wpb_wrapper\">\n\t<div class=\"wpb_raw_code wpb_raw_html wpb_content_element vc_custom_1733883779510\" >\n\t\t<div class=\"wpb_wrapper\">\n\t\t\t<!-- BEGIN WELLNESSLIVING CODE -->\n  <div class=\"wl-widget\" data=\"k_skin=293931&amp;k_business=416499&amp;url_page=5jFCQwmFqhUQ0Yh6AKXDGmgHGbI%3Ahttps%3A%2F%2Fpolefactorymke.com%2F\"><\/div>\n  <script src=\"https:\/\/www.wellnessliving.com\/rs\/skin-widget-static.js\" type=\"text\/javascript\"><\/script>\n  \n  \n    <a href=\"https:\/\/www.wellnessliving.com\/fitness\/\" rel=\"nofollow\" style=\"display: block; float: right; margin: 16px 16px 0 0;\"><img loading=\"lazy\" decoding=\"async\" src=\"https:\/\/d1v4s90m0bk5bo.cloudfront.net\/E\/S.png\" alt=\"Fitness management software\" height=\"50\" width=\"267\" style=\"height:39px; width:267px;\" \/><\/a>\n  \n  <br clear=\"both\" \/>\n\n  <!-- END WELLNESSLIVING CODE -->\n\t\t<\/div>\n\t<\/div>\n<style type=\"text\/css\"> .vc_column_1675462169:not(.vc_parallax):not(.jarallax) { overflow: center!important; position: relative; }<\/style><\/div><\/div><\/div><div class=\"wpb_column vc_column_container vc_col-sm-3 vc_column_1298219970\"><div class=\"vc_column-inner\"><div class=\"wpb_wrapper\"><style type=\"text\/css\"> .vc_column_1298219970:not(.vc_parallax):not(.jarallax) { overflow: center!important; position: relative; }<\/style><\/div><\/div><\/div><style type=\"text\/css\"> .vc_row_1937492266:not(.vc_parallax):not(.jarallax) { overflow: center!important; position: relative; }<\/style><\/div><style type=\"text\/css\"> .vc_column_835111629:not(.vc_parallax):not(.jarallax) { overflow: center!important; position: relative; }<\/style><\/div><\/div><\/div><\/div><div class=\"vc_row-full-width vc_clearfix\"><\/div><div id=\"contacts\" data-vc-full-width=\"true\" data-vc-full-width-init=\"false\" class=\"vc_row wpb_row vc_row-fluid wpb_animate_when_almost_visible wpb_slideInUp slideInUp vc_custom_1746810562416 vc_row-has-fill vc_row-o-equal-height vc_row-o-content-middle vc_row-flex vc_row_76171409\"><div class=\"wpb_column vc_column_container vc_col-sm-4 vc_col-has-fill vc_column_1975790887\"><div class=\"vc_column-inner vc_custom_1746810553196\"><div class=\"wpb_wrapper\" style=\"width: 100%; max-width: 300px;margin-left: auto; margin-right: auto;\">\r\n<div class=\"sh-iconbox sh-iconbox-style2 sh-iconbox-left improved-responsiveness\" id=\"iconbox-bqzCRGKt4x\">\r\n\t\r\n\t\t\t\t\t<div class=\"sh-iconbox-icon\">\r\n\t\t\t\t<div class=\"sh-iconbox-icon-shape sh-iconbox-square\">\r\n\t\t\t\t\t<i class=\"sh-iconbox-hover icon-location-pin\"><\/i>\r\n\r\n\t\t\t\t\t\t\t\t\t<\/div>\r\n\t\t\t<\/div>\r\n\t\t\r\n\t\t<div class=\"sh-iconbox-aside\">\r\n\t\t\t<div class=\"sh-iconbox-title\">\r\n\t\t\t\t\t\t\t\t\t<h3>Location<\/h3>\r\n\t\t\t\t\t\t\t<\/div>\r\n\t\t\t<div class=\"sh-iconbox-seperator\"><\/div>\r\n\t\t\t<div class=\"sh-iconbox-content\">\r\n\t\t\t\t<span style=\"font-size: 16px;\"><a href=\"https:\/\/goo.gl\/maps\/CA4pnYjJAQe7sRyr5\" target=\"_blank\" rel=\"noopener\"><span style=\"color: #42691b;\">117 W. Walker St. Suite 21<\/span><\/a><\/span><\/p>\n<p><span style=\"color: #42691b; font-size: 16px;\">Milwaukee, WI 53204<\/span>\t\t\t<\/div>\r\n\t\t<\/div>\r\n\r\n\t<\/div>\r\n            <style type=\"text\/css\">\r\n                #iconbox-bqzCRGKt4x .sh-iconbox-title h3 {color: #3E6839;font-size: 16px;}#iconbox-bqzCRGKt4x .sh-iconbox-hover {color: #3E6839;}#iconbox-bqzCRGKt4x.sh-iconbox-style6 .sh-iconbox-hover {text-shadow: -3px 2px rgba(62,104,57,0.3);}#iconbox-bqzCRGKt4x .sh-iconbox-content {color: #e1edef;}            <\/style>\r\n        <style type=\"text\/css\">@media (max-width: 800px) { .vc_column_1975790887 > .vc_column-inner { padding: 50px 0px 50px 0px!important;}}<\/style><\/div><\/div><\/div><div class=\"wpb_column vc_column_container vc_col-sm-4 vc_col-has-fill vc_column_850462368\"><div class=\"vc_column-inner vc_custom_1746810576991\"><div class=\"wpb_wrapper\" style=\"width: 100%; max-width: 300px;margin-left: auto; margin-right: auto;\">\r\n<div class=\"sh-iconbox sh-iconbox-style2 sh-iconbox-left improved-responsiveness\" id=\"iconbox-glfYSc4owv\">\r\n\t\r\n\t\t\t\t\t<div class=\"sh-iconbox-icon\">\r\n\t\t\t\t<div class=\"sh-iconbox-icon-shape sh-iconbox-square\">\r\n\t\t\t\t\t<i class=\"sh-iconbox-hover icon-clock\"><\/i>\r\n\r\n\t\t\t\t\t\t\t\t\t<\/div>\r\n\t\t\t<\/div>\r\n\t\t\r\n\t\t<div class=\"sh-iconbox-aside\">\r\n\t\t\t<div class=\"sh-iconbox-title\">\r\n\t\t\t\t\t\t\t\t\t<h3>Hours<\/h3>\r\n\t\t\t\t\t\t\t<\/div>\r\n\t\t\t<div class=\"sh-iconbox-seperator\"><\/div>\r\n\t\t\t<div class=\"sh-iconbox-content\">\r\n\t\t\t\t<span style=\"color: #42691b; font-size: 14px;\">Mon, Tues, Wed, Thurs, Fri: 12 pm &#8211; 8 pm<\/span><\/p>\n<p><span style=\"color: #42691b; font-size: 14px;\">Sat &amp; Sun: 11 am &#8211; 4 pm<\/span>\t\t\t<\/div>\r\n\t\t<\/div>\r\n\r\n\t<\/div>\r\n            <style type=\"text\/css\">\r\n                #iconbox-glfYSc4owv .sh-iconbox-title h3 {color: #3E6839;font-size: 16px;}#iconbox-glfYSc4owv .sh-iconbox-hover {color: #3E6839;}#iconbox-glfYSc4owv.sh-iconbox-style6 .sh-iconbox-hover {text-shadow: -3px 2px rgba(62,104,57,0.3);}#iconbox-glfYSc4owv .sh-iconbox-content {color: #e1edef;}            <\/style>\r\n        <style type=\"text\/css\">@media (max-width: 800px) { .vc_column_850462368 > .vc_column-inner { padding: 50px 0px 50px 0px!important;}}<\/style><\/div><\/div><\/div><div class=\"wpb_column vc_column_container vc_col-sm-4 vc_col-has-fill vc_column_1288245467\"><div class=\"vc_column-inner vc_custom_1746810589016\"><div class=\"wpb_wrapper\" style=\"width: 100%; max-width: 300px;margin-left: auto; margin-right: auto;\">\r\n<div class=\"sh-iconbox sh-iconbox-style2 sh-iconbox-left improved-responsiveness\" id=\"iconbox-NgGIxf7vsW\">\r\n\t\r\n\t\t\t\t\t<div class=\"sh-iconbox-icon\">\r\n\t\t\t\t<div class=\"sh-iconbox-icon-shape sh-iconbox-square\">\r\n\t\t\t\t\t<i class=\"sh-iconbox-hover icon-envelope\"><\/i>\r\n\r\n\t\t\t\t\t\t\t\t\t<\/div>\r\n\t\t\t<\/div>\r\n\t\t\r\n\t\t<div class=\"sh-iconbox-aside\">\r\n\t\t\t<div class=\"sh-iconbox-title\">\r\n\t\t\t\t\t\t\t\t\t<h3>Email<\/h3>\r\n\t\t\t\t\t\t\t<\/div>\r\n\t\t\t<div class=\"sh-iconbox-seperator\"><\/div>\r\n\t\t\t<div class=\"sh-iconbox-content\">\r\n\t\t\t\t<span style=\"font-size: 14px;\"><a href=\"mailto:contact@polefactorymke.com\" target=\"_blank\" rel=\"noopener\"><span style=\"color: #42691b;\">contact@polefactorymke.com<\/span><\/a><\/span>\t\t\t<\/div>\r\n\t\t<\/div>\r\n\r\n\t<\/div>\r\n            <style type=\"text\/css\">\r\n                #iconbox-NgGIxf7vsW .sh-iconbox-title h3 {color: #3E6839;font-size: 16px;}#iconbox-NgGIxf7vsW .sh-iconbox-hover {color: #3E6839;}#iconbox-NgGIxf7vsW.sh-iconbox-style6 .sh-iconbox-hover {text-shadow: -3px 2px rgba(62,104,57,0.3);}#iconbox-NgGIxf7vsW .sh-iconbox-content {color: #e1edef;}            <\/style>\r\n        <div class=\"vc_empty_space\"   style=\"height: 25px\"><span class=\"vc_empty_space_inner\"><\/span><\/div>\r\n<div class=\"sh-iconbox sh-iconbox-style2 sh-iconbox-left improved-responsiveness\" id=\"iconbox-FsBveLHl7K\">\r\n\t\r\n\t\t\t\t\t<div class=\"sh-iconbox-icon\">\r\n\t\t\t\t<div class=\"sh-iconbox-icon-shape sh-iconbox-square\">\r\n\t\t\t\t\t<i class=\"sh-iconbox-hover icon-phone\"><\/i>\r\n\r\n\t\t\t\t\t\t\t\t\t<\/div>\r\n\t\t\t<\/div>\r\n\t\t\r\n\t\t<div class=\"sh-iconbox-aside\">\r\n\t\t\t<div class=\"sh-iconbox-title\">\r\n\t\t\t\t\t\t\t\t\t<h3>Telephone<\/h3>\r\n\t\t\t\t\t\t\t<\/div>\r\n\t\t\t<div class=\"sh-iconbox-seperator\"><\/div>\r\n\t\t\t<div class=\"sh-iconbox-content\">\r\n\t\t\t\t<span style=\"font-size: 14px;\"><a href=\"tel:1+262+492+3954\" target=\"_blank\" rel=\"noopener\"><span style=\"color: #42691b;\">262-492-3954<\/span><\/a><\/span>\t\t\t<\/div>\r\n\t\t<\/div>\r\n\r\n\t<\/div>\r\n            <style type=\"text\/css\">\r\n                #iconbox-FsBveLHl7K .sh-iconbox-title h3 {color: #3E6839;font-size: 16px;}#iconbox-FsBveLHl7K .sh-iconbox-hover {color: #3E6839;}#iconbox-FsBveLHl7K.sh-iconbox-style6 .sh-iconbox-hover {text-shadow: -3px 2px rgba(62,104,57,0.3);}#iconbox-FsBveLHl7K .sh-iconbox-content {color: #e1edef;}            <\/style>\r\n        <style type=\"text\/css\">@media (max-width: 800px) { .vc_column_1288245467 > .vc_column-inner { padding: 50px 0px 50px 0px!important;}}<\/style><\/div><\/div><\/div><\/div><div class=\"vc_row-full-width vc_clearfix\"><\/div>\n<\/div>","protected":false},"excerpt":{"rendered":"New to Pole? Start Here!Step One: Make An Account With Us Make an account with us and sign our online waiver through WellnessLiving\u00a0HERE! After your account is created, you can download the WellnessLiving Achieve App on the Apple Store or Google Play Store. &nbsp; Step...","protected":false},"author":2,"featured_media":0,"parent":0,"menu_order":0,"comment_status":"closed","ping_status":"closed","template":"","meta":{"_eb_attr":"","_exactmetrics_skip_tracking":false,"_exactmetrics_sitenote_active":false,"_exactmetrics_sitenote_note":"","_exactmetrics_sitenote_category":0,"footnotes":""},"class_list":["post-13627","page","type-page","status-publish","hentry"],"_links":{"self":[{"href":"https:\/\/polefactorymke.com\/es\/wp-json\/wp\/v2\/pages\/13627","targetHints":{"allow":["GET"]}}],"collection":[{"href":"https:\/\/polefactorymke.com\/es\/wp-json\/wp\/v2\/pages"}],"about":[{"href":"https:\/\/polefactorymke.com\/es\/wp-json\/wp\/v2\/types\/page"}],"author":[{"embeddable":true,"href":"https:\/\/polefactorymke.com\/es\/wp-json\/wp\/v2\/users\/2"}],"replies":[{"embeddable":true,"href":"https:\/\/polefactorymke.com\/es\/wp-json\/wp\/v2\/comments?post=13627"}],"version-history":[{"count":22,"href":"https:\/\/polefactorymke.com\/es\/wp-json\/wp\/v2\/pages\/13627\/revisions"}],"predecessor-version":[{"id":14931,"href":"https:\/\/polefactorymke.com\/es\/wp-json\/wp\/v2\/pages\/13627\/revisions\/14931"}],"wp:attachment":[{"href":"https:\/\/polefactorymke.com\/es\/wp-json\/wp\/v2\/media?parent=13627"}],"curies":[{"name":"wp","href":"https:\/\/api.w.org\/{rel}","templated":true}]}}